{"id":129,"date":"2024-09-05T12:15:35","date_gmt":"2024-09-05T12:15:35","guid":{"rendered":"http:\/\/www.genealogie.herve-bennezon.com\/?page_id=129"},"modified":"2024-09-05T14:13:51","modified_gmt":"2024-09-05T14:13:51","slug":"noms-cites-dans-montreuil-sous-le-regne-de-louis-xiv","status":"publish","type":"page","link":"https:\/\/www.herve-bennezon.com\/?page_id=129","title":{"rendered":"Noms cit\u00e9s dans \u00ab\u00a0Montreuil sous le r\u00e8gne de Louis XIV\u00a0\u00bb"},"content":{"rendered":"\n<p><strong>Les inventaires apr\u00e8s d\u00e9c\u00e8s des villageois de Montreuil-sous-Bois entre 1676 et 1699<\/strong><\/p>\n\n\n\n<figure class=\"wp-block-table\"><table class=\"has-fixed-layout\"><tbody><tr><td>Philippes Adam<\/td><td>28 f\u00e9vrier 1679<\/td><\/tr><tr><td>Robert Adet<\/td><td>10 janvier 1696<\/td><\/tr><tr><td>Jean Ancelin<\/td><td>22 juin 1693<\/td><\/tr><tr><td>Fran\u00e7ois Andr\u00e9<\/td><td>24 ao\u00fbt 1693<\/td><\/tr><tr><td>Anthoine Bataille<\/td><td>27 avril 1694<\/td><\/tr><tr><td>Barth\u00e9lemy Beausse<\/td><td>28 avril 1678<\/td><\/tr><tr><td>Fran\u00e7ois Beausse<\/td><td>7 novembre 1679<\/td><\/tr><tr><td>Jean Benoist<\/td><td>27 f\u00e9vrier 1699<\/td><\/tr><tr><td>Maurice Berson<\/td><td>5 d\u00e9cembre 1677<\/td><\/tr><tr><td>Pierre Beuret<\/td><td>12 juin 1692<\/td><\/tr><tr><td>Michel Billet<\/td><td>20 janvier 1682<\/td><\/tr><tr><td>Hugues Blot<\/td><td>8 f\u00e9vrier 1680<\/td><\/tr><tr><td>Didier Bonnin<\/td><td>8 juillet 1686<\/td><\/tr><tr><td>Jean Boucot<\/td><td>2 mars 1680<\/td><\/tr><tr><td>Pierre Boucot<\/td><td>24 janvier 1696<\/td><\/tr><tr><td>Nicolas Boudin<\/td><td>16 juin 1694<\/td><\/tr><tr><td>Jean Brie<\/td><td>17 novembre 1687<\/td><\/tr><tr><td>Claude Cacheleu<\/td><td>21 mai 1681<\/td><\/tr><tr><td>Claude Cacheleu<\/td><td>18 octobre 1681<\/td><\/tr><tr><td>Pierre Cadot<\/td><td>22 janvier 1686<\/td><\/tr><tr><td>Julien Cappet<\/td><td>9 juillet 1686<\/td><\/tr><tr><td>Jacques Capin<\/td><td>19 novembre 1692<\/td><\/tr><tr><td>Estienne Cauconnier<\/td><td>18 janvier 1689<\/td><\/tr><tr><td>Fran\u00e7ois Cauconnier<\/td><td>15 novembre 1696<\/td><\/tr><tr><td>Nicolas Charton<\/td><td>11 ao\u00fbt 1677<\/td><\/tr><tr><td>Jacques Charton<\/td><td>14 septembre 1683<\/td><\/tr><tr><td>Nicolas Charton<\/td><td>29 novembre 1694<\/td><\/tr><tr><td>Nicolas Charton<\/td><td>7 juillet 1695<\/td><\/tr><tr><td>Fran\u00e7ois Chauvin<\/td><td>29 juillet 1684<\/td><\/tr><tr><td>Jacques Chevallier<\/td><td>24 avril 1682<\/td><\/tr><tr><td>Jean Chevreau<\/td><td>29 mai 1681<\/td><\/tr><tr><td>Fran\u00e7ois Chevreau<\/td><td>13 janvier 1682<\/td><\/tr><tr><td>Jean-Baptiste Chevreau<\/td><td>4 f\u00e9vrier 1688<\/td><\/tr><tr><td>Claude Chevreau<\/td><td>9 f\u00e9vrier 1694<\/td><\/tr><tr><td>Nicolas Chevreau<\/td><td>16 avril 1695<\/td><\/tr><tr><td>Pierre Chevreau<\/td><td>23 juillet 1695<\/td><\/tr><tr><td>Jacques Courtois<\/td><td>22 juin 1679<\/td><\/tr><tr><td>Claude Couteux<\/td><td>6 mars 1684<\/td><\/tr><tr><td>Jean Contion le jeune<\/td><td>3 septembre 1694<\/td><\/tr><tr><td>Jean Contion l\u2019a\u00een\u00e9<\/td><td>19 novembre 1694<\/td><\/tr><tr><td>Fran\u00e7ois Cormier<\/td><td>8 juillet 1684<\/td><\/tr><tr><td>Philippe Cormier<\/td><td>7 f\u00e9vrier 1696<\/td><\/tr><tr><td>S\u00e9bastien Cornu<\/td><td>29 mai 1696<\/td><\/tr><tr><td>Nicolas Darenne<\/td><td>25 mai 1678<\/td><\/tr><tr><td>Jean Darenne<\/td><td>16 janvier 1679<\/td><\/tr><tr><td>Claude Darenne<\/td><td>28 mars 1680<\/td><\/tr><tr><td>Claude Darenne<\/td><td>20 novembre 1680<\/td><\/tr><tr><td>Nicolas Darenne<\/td><td>18 janvier 1685<\/td><\/tr><tr><td>Jean Darenne<\/td><td>6 juillet 1689<\/td><\/tr><tr><td>Claude Darenne<\/td><td>14 juillet 1693<\/td><\/tr><tr><td>Jean-Jacques de Baune<\/td><td>30 ao\u00fbt 1694<\/td><\/tr><tr><td>Claude Delahaye<\/td><td>25 octobre 1686<\/td><\/tr><tr><td>Guillaume de Saint-Omer<\/td><td>13 d\u00e9cembre 1680<\/td><\/tr><tr><td>Jean Desmoulins<\/td><td>19 mars 1678<\/td><\/tr><tr><td>Robert Dest\u00e9<\/td><td>12 janvier 1683<\/td><\/tr><tr><td>Jean Dormeau<\/td><td>8 novembre 1677<\/td><\/tr><tr><td>Nicolas Dormeau<\/td><td>4 juin 1695<\/td><\/tr><tr><td>Pierre Dory<\/td><td>30 avril 1695<\/td><\/tr><tr><td>Nicolas Durant<\/td><td>28 janvier 1678<\/td><\/tr><tr><td>Claude Espaulart<\/td><td>13 juin 1695<\/td><\/tr><tr><td>Denis Fouquet<\/td><td>13 mai 1692<\/td><\/tr><tr><td>Guillaume Fouquet<\/td><td>13 mai 1692<\/td><\/tr><tr><td>Jean Fran\u00e7ois<\/td><td>20 ao\u00fbt 1687<\/td><\/tr><tr><td>Jean-Baptiste Fran\u00e7ois<\/td><td>2 avril 1697<\/td><\/tr><tr><td>Guillemette Fr\u00e9my<\/td><td>12 mars 1689<\/td><\/tr><tr><td>Claude Fr\u00e9my<\/td><td>29 d\u00e9cembre 1692<\/td><\/tr><tr><td>Guillaume Fr\u00e9my<\/td><td>9 avril 1693<\/td><\/tr><tr><td>Jacques Gaigne<\/td><td>30 avril 1676<\/td><\/tr><tr><td>Nicolas Gangue<\/td><td>17 janvier 1689<\/td><\/tr><tr><td>Laurent Gagne<\/td><td>10 novembre 1694<\/td><\/tr><tr><td>Nicolas Gagne<\/td><td>18 juillet 1696<\/td><\/tr><tr><td>Claude Girard<\/td><td>7 janvier 1681<\/td><\/tr><tr><td>Jacques Gouillard<\/td><td>1<sup>er<\/sup> juin 1683<\/td><\/tr><tr><td>Jacques Gouillard<\/td><td>20 ao\u00fbt 1697<\/td><\/tr><tr><td>Nicolas Groseillier<\/td><td>15 septembre 1688<\/td><\/tr><tr><td>Jean Guay<\/td><td>29 ao\u00fbt 1682<\/td><\/tr><tr><td>Pierre Gu\u00e9rin<\/td><td>8 mars 1695<\/td><\/tr><tr><td>Jean-Baptiste Guillois<\/td><td>7 ao\u00fbt 1687<\/td><\/tr><tr><td>Jean-Baptiste Guillois<\/td><td>25 juin 1696<\/td><\/tr><tr><td>Jacques Guyot<\/td><td>19 f\u00e9vrier 1688<\/td><\/tr><tr><td>Louis Guyot<\/td><td>18 janvier 1695<\/td><\/tr><tr><td>Nicolas H\u00e9ricourt<\/td><td>19 juillet 1692<\/td><\/tr><tr><td>Claude Hervy<\/td><td>27 avril 1694<\/td><\/tr><tr><td>Pierre Heue<\/td><td>5 novembre 1694<\/td><\/tr><tr><td>Pierre Heue le jeune<\/td><td>28 janvier 1695<\/td><\/tr><tr><td>Philippes Houdart<\/td><td>1<sup>er<\/sup> d\u00e9cembre 1679<\/td><\/tr><tr><td>Pierre Houdart<\/td><td>10 janvier 1680<\/td><\/tr><tr><td>Nicolas Houdart<\/td><td>5 f\u00e9vrier 1681<\/td><\/tr><tr><td>Jacques Houdart<\/td><td>23 juillet 1682<\/td><\/tr><tr><td>Nicolas Houdart<\/td><td>7 ao\u00fbt 1687<\/td><\/tr><tr><td>Claude Houdart<\/td><td>27 juin 1693<\/td><\/tr><tr><td>Pierre Houdart<\/td><td>23 juillet 1695<\/td><\/tr><tr><td>Nicolas Hur\u00e9<\/td><td>5 novembre 1681<\/td><\/tr><tr><td>S\u00e9bastien Joffrillon<\/td><td>12 avril 1695<\/td><\/tr><tr><td>Fran\u00e7ois Jommary<\/td><td>30 ao\u00fbt 1694<\/td><\/tr><tr><td>Pierre Lahaye<\/td><td>21 mai 1695<\/td><\/tr><tr><td>Andr\u00e9 Lalande<\/td><td>1<sup>er<\/sup> juillet 1694<\/td><\/tr><tr><td>Jacques Lamont<\/td><td>17 janvier 1680<\/td><\/tr><tr><td>Jean Lardin<\/td><td>17 janvier 1681<\/td><\/tr><tr><td>Pierre Lardin<\/td><td>22 mai 1686<\/td><\/tr><tr><td>Claude Lardin<\/td><td>2 janvier 1693<\/td><\/tr><tr><td>Denis Lardin<\/td><td>18 janvier 1694<\/td><\/tr><tr><td>Nicolas Lardin<\/td><td>18 ao\u00fbt 1694<\/td><\/tr><tr><td>No\u00ebl Lardin<\/td><td>12 juin 1697<\/td><\/tr><tr><td>Fran\u00e7ois Larron<\/td><td>7 mai 1696<\/td><\/tr><tr><td>Pierre Lasnet<\/td><td>3 janvier 1681<\/td><\/tr><tr><td>Jean Legrand<\/td><td>19 septembre 1689<\/td><\/tr><tr><td>Roland Le Preux<\/td><td>22 octobre 1681<\/td><\/tr><tr><td>Nicolas Le Preux le jeune<\/td><td>7 octobre 1692<\/td><\/tr><tr><td>Fran\u00e7ois Letellier<\/td><td>2 juillet 1696<\/td><\/tr><tr><td>Robert Loisier<\/td><td>11 ao\u00fbt 1678<\/td><\/tr><tr><td>Pierre Loisier<\/td><td>10 novembre 1685<\/td><\/tr><tr><td>Pierre Loisier<\/td><td>18 juin 1694<\/td><\/tr><tr><td>Pierre Lureau le jeune<\/td><td>2 juillet 1694<\/td><\/tr><tr><td>Pierre Lureau l\u2019a\u00een\u00e9<\/td><td>11 mars 1695<\/td><\/tr><tr><td>Fran\u00e7ois Mainguet<\/td><td>6 mars 1686<\/td><\/tr><tr><td>Charles Mainguet<\/td><td>10 mars 1693<\/td><\/tr><tr><td>Thomas Malot<\/td><td>9 juin 1693<\/td><\/tr><tr><td>Pierre Malot<\/td><td>11 f\u00e9vrier 1695<\/td><\/tr><tr><td>Pierre Martin<\/td><td>30 ao\u00fbt 1681<\/td><\/tr><tr><td>Pierre Martin<\/td><td>18 d\u00e9cembre 1681<\/td><\/tr><tr><td>Louis M\u00e9lique<\/td><td>21 juillet 1676<\/td><\/tr><tr><td>Jean Merlain<\/td><td>24 avril 1687<\/td><\/tr><tr><td>Jean Milcens<\/td><td>11 ao\u00fbt 1687<\/td><\/tr><tr><td>Fran\u00e7ois Nicolas<\/td><td>24 avril 1687<\/td><\/tr><tr><td>Claude Pamart<\/td><td>9 juin 1693<\/td><\/tr><tr><td>Pierre Pesnon<\/td><td>15 d\u00e9cembre 1693<\/td><\/tr><tr><td>Jean Pesnon<\/td><td>26 mars 1695<\/td><\/tr><tr><td>Jean Piolet<\/td><td>24 mars 1695<\/td><\/tr><tr><td>Philippes Poir\u00e9e<\/td><td>23 juillet 1687<\/td><\/tr><tr><td>Marin Potelme<\/td><td>2 janvier 1681<\/td><\/tr><tr><td>Pierre Potron<\/td><td>1<sup>er<\/sup> juillet 1678<\/td><\/tr><tr><td>Jean Pr\u00e9aux<\/td><td>29 mai 1682<\/td><\/tr><tr><td>Jean Pr\u00e9aux<\/td><td>10 f\u00e9vrier 1695<\/td><\/tr><tr><td>Anthoine Pr\u00e9vost<\/td><td>2 avril 1678<\/td><\/tr><tr><td>Pierre Regnard<\/td><td>1<sup>er<\/sup> juillet 1678<\/td><\/tr><tr><td>Pierre Regnard<\/td><td>31 juillet 1679<\/td><\/tr><tr><td>Spire Regnard<\/td><td>6 novembre 1680<\/td><\/tr><tr><td>Denis Richer<\/td><td>5 septembre 1695<\/td><\/tr><tr><td>Nicolas Roche<\/td><td>29 avril 1687<\/td><\/tr><tr><td>Claude Robin<\/td><td>20 janvier 1693<\/td><\/tr><tr><td>Antoine Robert<\/td><td>20 ao\u00fbt 1697<\/td><\/tr><tr><td>Denis Robineau<\/td><td>25 mai 1678<\/td><\/tr><tr><td>Denis Rustique Robineau<\/td><td>14 mai 1692<\/td><\/tr><tr><td>Denis Rustique Robineau<\/td><td>19 juin 1693<\/td><\/tr><tr><td>Maurice Savart<\/td><td>1<sup>er<\/sup> juillet 1678<\/td><\/tr><tr><td>Estienne Savart<\/td><td>1<sup>er<\/sup> mars 1680<\/td><\/tr><tr><td>Nicolas Savart<\/td><td>6 juin 1684<\/td><\/tr><tr><td>Guillaume Savart<\/td><td>30 juillet 1685<\/td><\/tr><tr><td>Bernard Savart<\/td><td>15 mai 1696<\/td><\/tr><tr><td>No\u00ebl Savart<\/td><td>30 avril 1697<\/td><\/tr><tr><td>Jacques Sibon<\/td><td>16 d\u00e9cembre 1679<\/td><\/tr><tr><td>Fran\u00e7ois Sion<\/td><td>1<sup>er<\/sup> d\u00e9cembre 1678<\/td><\/tr><tr><td>Nicolas Sion<\/td><td>1<sup>er<\/sup> f\u00e9vrier 1687<\/td><\/tr><tr><td>Claude Sion<\/td><td>27 mars 1697<\/td><\/tr><tr><td>Estienne Souhett\u00e9<\/td><td>2 juin 1693<\/td><\/tr><tr><td>Anthoine Thioust<\/td><td>4 d\u00e9cembre 1681<\/td><\/tr><tr><td>Pierre Thioust<\/td><td>12 f\u00e9vrier 1684<\/td><\/tr><tr><td>Claude Thioust<\/td><td>28 octobre 1688<\/td><\/tr><tr><td>Denis Thioust<\/td><td>30 d\u00e9cembre 1692<\/td><\/tr><tr><td>Guillaume Vandelle<\/td><td>20 novembre 1696<\/td><\/tr><tr><td>Jacques Vi\u00e9<\/td><td>17 ao\u00fbt 1685<\/td><\/tr><tr><td>Pierre Vi\u00e9<\/td><td>12 juin 1697<\/td><\/tr><tr><td>Fran\u00e7ois Viguereux<\/td><td>12 ao\u00fbt 1677<\/td><\/tr><tr><td>Barth\u00e9lemy Ville<\/td><td>13 f\u00e9vrier 1697<\/td><\/tr><tr><td>Louis Vitry<\/td><td>1<sup>er<\/sup> octobre 1676<\/td><\/tr><tr><td>Thomas Vitry<\/td><td>30 ao\u00fbt 1688<\/td><\/tr><tr><td>Guillaume de Vitry<\/td><td>21 f\u00e9vrier 1696<\/td><\/tr><tr><td>Jean Vitry<\/td><td>23 avril 1692<\/td><\/tr><tr><td>Robert Vitry<\/td><td>17 mars 1695<\/td><\/tr><tr><td>Pierre Vitry<\/td><td>23 d\u00e9cembre 1695<\/td><\/tr><tr><td>Estienne Vitry<\/td><td>26 juin 1698<\/td><\/tr><\/tbody><\/table><\/figure>\n\n\n\n<figure class=\"wp-block-table\"><table class=\"has-fixed-layout\"><tbody><tr><td>Fran\u00e7oise Adam<\/td><td>2 juillet 1694<\/td><\/tr><tr><td>Jeanne Adet<\/td><td>3 janvier 1681<\/td><\/tr><tr><td>Genevi\u00e8ve Adet<\/td><td>29 mai 1681<\/td><\/tr><tr><td>Fran\u00e7oise Andr\u00e9<\/td><td>16 janvier 1679<\/td><\/tr><tr><td>Anne Andr\u00e9<\/td><td>4 f\u00e9vrier 1688<\/td><\/tr><tr><td>Marie Anglard<\/td><td>27 f\u00e9vrier 1699<\/td><\/tr><tr><td>Barbe Aub\u00e9<\/td><td>21 mai 1681<\/td><\/tr><tr><td>Barbe Aub\u00e9<\/td><td>18 octobre 1681<\/td><\/tr><tr><td>Marguerite Aux Ours<\/td><td>15 septembre 1688<\/td><\/tr><tr><td>Marie Beausse<\/td><td>23 avril 1692<\/td><\/tr><tr><td>Thomasse Beausse<\/td><td>30 ao\u00fbt 1694<\/td><\/tr><tr><td>Jeanne de Berle<\/td><td>25 juin 1696<\/td><\/tr><tr><td>Marie Berthelin<\/td><td>5 d\u00e9cembre 1677<\/td><\/tr><tr><td>Jeanne Berthelin<\/td><td>23 juillet 1695<\/td><\/tr><tr><td>Claudine Besnard<\/td><td>18 juin 1694<\/td><\/tr><tr><td>Anne Beuret<\/td><td>21 mai 1695<\/td><\/tr><tr><td>Marie Blot<\/td><td>20 janvier 1693<\/td><\/tr><tr><td>Magdeleine Bonvallet<\/td><td>17 novembre 1687<\/td><\/tr><tr><td>Magdeleine Bonvallet<\/td><td>22 juin 1693<\/td><\/tr><tr><td>Blanche Boudier<\/td><td>8 juillet 1684<\/td><\/tr><tr><td>Jeanne Boudin<\/td><td>5 septembre 1695<\/td><\/tr><tr><td>Jeanne Buisson<\/td><td>18 janvier 1695<\/td><\/tr><tr><td>Marie-Magdeleine Buisson<\/td><td>10 f\u00e9vrier 1695<\/td><\/tr><tr><td>Jeanne Cacheleu<\/td><td>29 ao\u00fbt 1682<\/td><\/tr><tr><td>Marie Cambray<\/td><td>30 juillet 1685<\/td><\/tr><tr><td>Antoinette Capin<\/td><td>25 mai 1678<\/td><\/tr><tr><td>Marie Capin<\/td><td>13 janvier 1682<\/td><\/tr><tr><td>Marguerite Cauconnier<\/td><td>20 novembre 1696<\/td><\/tr><tr><td>Marye Charrier<\/td><td>1<sup>er<\/sup> d\u00e9cembre 1678<\/td><\/tr><tr><td>Barbe Charton<\/td><td>10 janvier 1680<\/td><\/tr><tr><td>Catherine Charton<\/td><td>7 octobre 1692<\/td><\/tr><tr><td>Marie Chevallier<\/td><td>1<sup>er<\/sup> juin 1683<\/td><\/tr><tr><td>Magdeleine Chevallier<\/td><td>22 janvier 1686<\/td><\/tr><tr><td>Barbe Chevallier<\/td><td>9 juin 1693<\/td><\/tr><tr><td>Denise Chevreau<\/td><td>5 f\u00e9vrier 1681<\/td><\/tr><tr><td>Jeanne Chevreau<\/td><td>17 ao\u00fbt 1685<\/td><\/tr><tr><td>Nicolle Chevreau<\/td><td>30 avril 1695<\/td><\/tr><tr><td>Catherine Chevreau<\/td><td>7 f\u00e9vrier 1696<\/td><\/tr><tr><td>Marie Cormier<\/td><td>20 ao\u00fbt 1697<\/td><\/tr><tr><td>Marie Cornu<\/td><td>17 janvier 1681<\/td><\/tr><tr><td>Denise Cornu<\/td><td>18 juin 1694<\/td><\/tr><tr><td>Anne Coulon<\/td><td>30 avril 1676<\/td><\/tr><tr><td>Marie Couteux<\/td><td>28 f\u00e9vrier 1679<\/td><\/tr><tr><td>Marie Couteux<\/td><td>1<sup>er<\/sup> d\u00e9cembre 1679<\/td><\/tr><tr><td>Marguerite Couteux<\/td><td>24 avril 1682<\/td><\/tr><tr><td>Marguerite Couteux<\/td><td>6 juin 1684<\/td><\/tr><tr><td>Marie Couteux<\/td><td>21 f\u00e9vrier 1696<\/td><\/tr><tr><td>Marie-Anne Couteux<\/td><td>12 juin 1692<\/td><\/tr><tr><td>Anne Couteux<\/td><td>19 novembre 1692<\/td><\/tr><tr><td>Catherine Couteux<\/td><td>23 d\u00e9cembre 1695<\/td><\/tr><tr><td>Magdeleine Couteux<\/td><td>24 janvier 1696<\/td><\/tr><tr><td>Anne Couturier<\/td><td>1<sup>er<\/sup> juillet 1678<\/td><\/tr><tr><td>Anne Couturier<\/td><td>31 juillet 1679<\/td><\/tr><tr><td>Marie Darenne<\/td><td>7 novembre 1679<\/td><\/tr><tr><td>Marguerite Dargent<\/td><td>28 janvier 1695<\/td><\/tr><tr><td>Catherine Dory<\/td><td>30 ao\u00fbt 1694<\/td><\/tr><tr><td>Nicolle Drouin<\/td><td>10 janvier 1696<\/td><\/tr><tr><td>Claude Durant<\/td><td>1<sup>er<\/sup> mars 1680<\/td><\/tr><tr><td>Marie Durant<\/td><td>27 juin 1693<\/td><\/tr><tr><td>Genevi\u00e8ve Espaulard<\/td><td>25 octobre 1686<\/td><\/tr><tr><td>Barbe Lardin<\/td><td>20 janvier 1682<\/td><\/tr><tr><td>Marie Martin<\/td><td>8 f\u00e9vrier 1680<\/td><\/tr><tr><td>Nicolle Mension<\/td><td>16 juin 1694<\/td><\/tr><tr><td>Jeanne F\u00e9vrier<\/td><td>19 mars 1678<\/td><\/tr><tr><td>Marie Fr\u00e9my<\/td><td>28 mars 1680<\/td><\/tr><tr><td>Marie Fr\u00e9my<\/td><td>20 novembre 1680<\/td><\/tr><tr><td>Catherine Fr\u00e9my<\/td><td>29 mai 1682<\/td><\/tr><tr><td>Guillemette Fr\u00e9my<\/td><td>12 mars 1689<\/td><\/tr><tr><td>Anne Gagne<\/td><td>1<sup>er<\/sup> f\u00e9vrier 1687<\/td><\/tr><tr><td>Claudine Genest<\/td><td>27 avril 1694<\/td><\/tr><tr><td>Thomasse Gohier<\/td><td>13 mai 1692<\/td><\/tr><tr><td>Genevi\u00e8ve Gourneau<\/td><td>18 d\u00e9cembre 1681<\/td><\/tr><tr><td>Elisabeth Gu\u00e9rin<\/td><td>2 avril 1678<\/td><\/tr><tr><td>Anne Gu\u00e9rin<\/td><td>22 octobre 1681<\/td><\/tr><tr><td>Anne Guiot<\/td><td>11 ao\u00fbt 1678<\/td><\/tr><tr><td>Marguerite H\u00e9ricourt<\/td><td>12 ao\u00fbt 1677<\/td><\/tr><tr><td>Fran\u00e7oise H\u00e9ricourt<\/td><td>28 avril 1678<\/td><\/tr><tr><td>Barbe H\u00e9ricourt<\/td><td>8 juillet 1686<\/td><\/tr><tr><td>Genevi\u00e8ve H\u00e9ricourt<\/td><td>15 mai 1696<\/td><\/tr><tr><td>Barbe Hervy<\/td><td>1<sup>er<\/sup> octobre 1676<\/td><\/tr><tr><td>Catherine Hervy<\/td><td>16 avril 1695<\/td><\/tr><tr><td>Margueritte Houdart<\/td><td>2 mars 1680<\/td><\/tr><tr><td>Jeanne Houdart<\/td><td>14 septembre 1683<\/td><\/tr><tr><td>Genevi\u00e8ve Houdart<\/td><td>29 juillet 1684<\/td><\/tr><tr><td>Jeanne Houdart<\/td><td>29 novembre 1694<\/td><\/tr><tr><td>Catherine Hus\u00e9<\/td><td>17 janvier 1689<\/td><\/tr><tr><td>Catherine Huz\u00e9<\/td><td>18 juillet 1696<\/td><\/tr><tr><td>Jeanne Joffrillon<\/td><td>23 juillet 1695<\/td><\/tr><tr><td>Antoinette Joly<\/td><td>9 juin 1693<\/td><\/tr><tr><td>Genevi\u00e8ve Lahaye<\/td><td>25 mai 1678<\/td><\/tr><tr><td>Barbe Lahaye<\/td><td>12 avril 1695<\/td><\/tr><tr><td>Denise Lahaye<\/td><td>13 juin 1695<\/td><\/tr><tr><td>Marie Laloue<\/td><td>30 avril 1697<\/td><\/tr><tr><td>Martine Lardin<\/td><td>23 juillet 1682<\/td><\/tr><tr><td>Jeanne Lardin<\/td><td>18 janvier 1685<\/td><\/tr><tr><td>Ren\u00e9e Lardin<\/td><td>23 juillet 1687<\/td><\/tr><tr><td>Marie Lardin<\/td><td>19 septembre 1689<\/td><\/tr><tr><td>Margueritte Lardin<\/td><td>19 juillet 1692<\/td><\/tr><tr><td>Nicolle Lardin<\/td><td>15 novembre 1696<\/td><\/tr><tr><td>Anne Laron<\/td><td>2 janvier 1681<\/td><\/tr><tr><td>Marguerite Legrand<\/td><td>29 avril 1687<\/td><\/tr><tr><td>Fran\u00e7oise Lemaistre<\/td><td>6 mars 1686<\/td><\/tr><tr><td>Catherine Lemoyne<\/td><td>22 juin 1679<\/td><\/tr><tr><td>Marie Lep\u00e8re<\/td><td>10 novembre 1685<\/td><\/tr><tr><td>Claude Loreau<\/td><td>30 d\u00e9cembre 1692<\/td><\/tr><tr><td>Catherine Lureau<\/td><td>18 janvier 1689<\/td><\/tr><tr><td>Esp\u00e9rance Lureau<\/td><td>7 juillet 1695<\/td><\/tr><tr><td>Elisabeth Mainguet<\/td><td>11 ao\u00fbt 1677<\/td><\/tr><tr><td>Thomasse Malot<\/td><td>13 mai 1692<\/td><\/tr><tr><td>Genevi\u00e8ve Mallot<\/td><td>16 d\u00e9cembre 1679<\/td><\/tr><tr><td>Marie Malot<\/td><td>10 mars 1693<\/td><\/tr><tr><td>Marguerite Malot<\/td><td>27 avril 1694<\/td><\/tr><tr><td>Marguerite Malot<\/td><td>12 juin 1697<\/td><\/tr><tr><td>Barbe Mass\u00e9<\/td><td>30 ao\u00fbt 1681<\/td><\/tr><tr><td>Margueritte Mension<\/td><td>13 d\u00e9cembre 1680<\/td><\/tr><tr><td>Marie Mension<\/td><td>30 ao\u00fbt 1688<\/td><\/tr><tr><td>Catherine Mension<\/td><td>9 avril 1693<\/td><\/tr><tr><td>Genevi\u00e8ve M\u00e8re<\/td><td>12 f\u00e9vrier 1684<\/td><\/tr><tr><td>Catherine Milloreau<\/td><td>11 f\u00e9vrier 1695<\/td><\/tr><tr><td>Jeanne Mordan<\/td><td>1<sup>er<\/sup> juillet 1694<\/td><\/tr><tr><td>Margueritte Moutton<\/td><td>8 novembre 1677<\/td><\/tr><tr><td>Genevi\u00e8ve N\u00e9ret<\/td><td>2 avril 1697<\/td><\/tr><tr><td>Fran\u00e7oise de Pavon<\/td><td>2 juillet 1696<\/td><\/tr><tr><td>Genevi\u00e8ve P\u00e9pin<\/td><td>6 juillet 1689<\/td><\/tr><tr><td>Marguerite Pr\u00e9vost<\/td><td>29 d\u00e9cembre 1692<\/td><\/tr><tr><td>Marguerite Pr\u00e9vost<\/td><td>11 mars 1695<\/td><\/tr><tr><td>Marguerite Pr\u00e9vost<\/td><td>27 mars 1697<\/td><\/tr><tr><td>Marie Potteron<\/td><td>21 juillet 1676<\/td><\/tr><tr><td>Marie Postron<\/td><td>7 ao\u00fbt 1687<\/td><\/tr><tr><td>Anne Querelle<\/td><td>14 mai 1692<\/td><\/tr><tr><td>Jacqueline Rabon<\/td><td>9 juillet 1686<\/td><\/tr><tr><td>Marie Regnard<\/td><td>13 f\u00e9vrier 1697<\/td><\/tr><tr><td>Julienne Robin<\/td><td>4 juin 1695<\/td><\/tr><tr><td>Marie Robineau<\/td><td>6 novembre 1680<\/td><\/tr><tr><td>Anne Rocher<\/td><td>19 f\u00e9vrier 1688<\/td><\/tr><tr><td>Marie Rocher<\/td><td>19 novembre 1694<\/td><\/tr><tr><td>Jeanne Savart<\/td><td>28 janvier 1678<\/td><\/tr><tr><td>Nicole Savart<\/td><td>12 janvier 1683<\/td><\/tr><tr><td>Catherine Savart<\/td><td>7 ao\u00fbt 1687<\/td><\/tr><tr><td>Jeanne Savart<\/td><td>10 novembre 1694<\/td><\/tr><tr><td>Jeanne Sion<\/td><td>20 ao\u00fbt 1687<\/td><\/tr><tr><td>Marie Sion<\/td><td>26 juin 1698<\/td><\/tr><tr><td>Anne Thioust<\/td><td>17 janvier 1680<\/td><\/tr><tr><td>Barbe Thioust<\/td><td>4 d\u00e9cembre 1681<\/td><\/tr><tr><td>Catherine Thioust<\/td><td>24 avril 1687<\/td><\/tr><tr><td>Marguerite Thioust<\/td><td>19 juin 1693<\/td><\/tr><tr><td>Marguerite Thioust<\/td><td>18 janvier 1694<\/td><\/tr><tr><td>Marie Thioust<\/td><td>3 septembre 1694<\/td><\/tr><tr><td>Marie Thioust<\/td><td>29 mai 1696<\/td><\/tr><tr><td>Marie Thioust<\/td><td>20 ao\u00fbt 1697<\/td><\/tr><tr><td>Germaine Tixier<\/td><td>7 janvier 1681<\/td><\/tr><tr><td>Suzanne V\u00e9ron<\/td><td>2 juin 1693<\/td><\/tr><tr><td>Jeanne Vi\u00e9<\/td><td>1<sup>er<\/sup> juillet 1678<\/td><\/tr><tr><td>Genevi\u00e8ve Vi\u00e9<\/td><td>14 juillet 1693<\/td><\/tr><tr><td>Claudine Vi\u00e9<\/td><td>9 f\u00e9vrier 1694<\/td><\/tr><tr><td>Marie Vi\u00e9<\/td><td>17 mars 1695<\/td><\/tr><tr><td>Marguerite Vi\u00e9not<\/td><td>15 d\u00e9cembre 1693<\/td><\/tr><tr><td>Anne Vitry<\/td><td>1<sup>er<\/sup> juillet 1678<\/td><\/tr><tr><td>Claude Vitry<\/td><td>5 novembre 1681<\/td><\/tr><tr><td>Marie Vitry<\/td><td>6 mars 1684<\/td><\/tr><tr><td>Claude Vitry<\/td><td>22 mai 1686<\/td><\/tr><tr><td>Claude Vitry<\/td><td>11 ao\u00fbt 1687<\/td><\/tr><tr><td>Marie Vitry<\/td><td>28 octobre 1688<\/td><\/tr><tr><td>Jeanne Vitry<\/td><td>2 janvier 1693<\/td><\/tr><tr><td>Marguerite Vitry<\/td><td>24 ao\u00fbt 1693<\/td><\/tr><tr><td>Marie Vitry<\/td><td>18 ao\u00fbt 1694<\/td><\/tr><tr><td>Marguerite Vitry<\/td><td>5 novembre 1694<\/td><\/tr><tr><td>Jeanne Vitry<\/td><td>8 mars 1695<\/td><\/tr><tr><td>Marguerite Vitry<\/td><td>24 mars 1695<\/td><\/tr><tr><td>Claude Vitry<\/td><td>26 mars 1695<\/td><\/tr><tr><td>Jeanne Vitry<\/td><td>7 mai 1696<\/td><\/tr><\/tbody><\/table><\/figure>\n\n\n\n<p class=\"has-medium-font-size\"><a href=\"http:\/\/www.genealogie.herve-bennezon.com\/?product=montreuil-sous-le-regne-de-louis-xiv-un-village-a-lombre-de-paris\" data-type=\"product\" data-id=\"79\">\u25ba Lien vers le livre<\/a><\/p>\n","protected":false},"excerpt":{"rendered":"<p>Les inventaires apr\u00e8s d\u00e9c\u00e8s des villageois de Montreuil-sous-Bois entre 1676 et 1699 Philippes Adam 28 f\u00e9vrier 1679 Robert Adet 10 janvier 1696 [&hellip;]<\/p>\n","protected":false},"author":1,"featured_media":0,"parent":0,"menu_order":0,"comment_status":"closed","ping_status":"closed","template":"","meta":{"footnotes":""},"categories":[21],"tags":[],"class_list":["post-129","page","type-page","status-publish","hentry","category-index-des-noms"],"featured_image_src":null,"featured_image_src_square":null,"_links":{"self":[{"href":"https:\/\/www.herve-bennezon.com\/index.php?rest_route=\/wp\/v2\/pages\/129","targetHints":{"allow":["GET"]}}],"collection":[{"href":"https:\/\/www.herve-bennezon.com\/index.php?rest_route=\/wp\/v2\/pages"}],"about":[{"href":"https:\/\/www.herve-bennezon.com\/index.php?rest_route=\/wp\/v2\/types\/page"}],"author":[{"embeddable":true,"href":"https:\/\/www.herve-bennezon.com\/index.php?rest_route=\/wp\/v2\/users\/1"}],"replies":[{"embeddable":true,"href":"https:\/\/www.herve-bennezon.com\/index.php?rest_route=%2Fwp%2Fv2%2Fcomments&post=129"}],"version-history":[{"count":2,"href":"https:\/\/www.herve-bennezon.com\/index.php?rest_route=\/wp\/v2\/pages\/129\/revisions"}],"predecessor-version":[{"id":131,"href":"https:\/\/www.herve-bennezon.com\/index.php?rest_route=\/wp\/v2\/pages\/129\/revisions\/131"}],"wp:attachment":[{"href":"https:\/\/www.herve-bennezon.com\/index.php?rest_route=%2Fwp%2Fv2%2Fmedia&parent=129"}],"wp:term":[{"taxonomy":"category","embeddable":true,"href":"https:\/\/www.herve-bennezon.com\/index.php?rest_route=%2Fwp%2Fv2%2Fcategories&post=129"},{"taxonomy":"post_tag","embeddable":true,"href":"https:\/\/www.herve-bennezon.com\/index.php?rest_route=%2Fwp%2Fv2%2Ftags&post=129"}],"curies":[{"name":"wp","href":"https:\/\/api.w.org\/{rel}","templated":true}]}}